{"id":6071,"date":"2024-07-18T15:42:49","date_gmt":"2024-07-18T13:42:49","guid":{"rendered":"https:\/\/boisdebout53.org\/?page_id=6071"},"modified":"2024-07-18T15:46:51","modified_gmt":"2024-07-18T13:46:51","slug":"sous-traitance-industrielle","status":"publish","type":"page","link":"https:\/\/boisdebout53.org\/index.php\/sous-traitance-industrielle\/","title":{"rendered":"Sous-traitance industrielle"},"content":{"rendered":"\n<div id=\"wp-block-themeisle-blocks-advanced-columns-726d7323\" class=\"wp-block-themeisle-blocks-advanced-columns alignfull has-2-columns has-desktop-oneTwo-layout has-tablet-equal-layout has-mobile-collapsedRows-layout has-vertical-unset animated fadeIn\"><div class=\"wp-block-themeisle-blocks-advanced-columns-overlay\"><\/div><div class=\"innerblocks-wrap\">\n<div id=\"wp-block-themeisle-blocks-advanced-column-4d1762b0\" class=\"wp-block-themeisle-blocks-advanced-column\"><\/div>\n\n\n\n<div id=\"wp-block-themeisle-blocks-advanced-column-d039e05e\" class=\"wp-block-themeisle-blocks-advanced-column\">\n<h2 class=\"wp-block-heading has-white-color has-text-color\">R\u00e9pondre \u00e0 vos besoins dans votre d\u00e9marche RSE<\/h2>\n\n\n\n<p class=\"has-nv-text-dark-bg-color has-text-color has-link-color has-small-font-size wp-elements-60dbfdcabf1c8a876355261e7c4e1b4b\">La Responsabilit\u00e9 Sociale des Entreprises permet de conjuguer performance \u00e9conomique, performance sociale et performance environnementale. C\u2019est une d\u00e9marche accessible \u00e0 toutes les entreprises.<\/p>\n\n\n\n<p class=\"has-nv-text-dark-bg-color has-text-color has-link-color has-medium-font-size wp-elements-c41313b1e2047661824571fa72fae8ba\">Nous pouvons r\u00e9pondre \u00e0 vos attentes dans des domaines aussi vari\u00e9s que :<\/p>\n\n\n\n<ul style=\"font-size:22px\" class=\"wp-block-list has-white-color has-text-color\">\n<li>L\u2019ensachage<\/li>\n\n\n\n<li>L\u2019emballage et le conditionnement<\/li>\n\n\n\n<li>L\u2019\u00e9bavurage<\/li>\n\n\n\n<li>La mise sous plis<\/li>\n\n\n\n<li>Le recyclage de mat\u00e9riaux\/produits<\/li>\n\n\n\n<li>Le d\u00e9montage de produits<\/li>\n\n\n\n<li>Ou toutes autres activit\u00e9s que vous souhaiteriez nous confier<\/li>\n<\/ul>\n\n\n\n<p class=\"animated bounceInDown has-nv-site-bg-color has-text-color\">Pour r\u00e9aliser cette sous-traitance, nous avons \u00e0 disposition:<\/p>\n\n\n\n<div id=\"wp-block-themeisle-blocks-advanced-columns-ad85d9b0\" class=\"wp-block-themeisle-blocks-advanced-columns has-1-columns has-desktop-equal-layout has-tablet-equal-layout has-mobile-equal-layout has-vertical-unset has-dark-bg\"><div class=\"wp-block-themeisle-blocks-advanced-columns-overlay\"><\/div><div class=\"innerblocks-wrap\">\n<div id=\"wp-block-themeisle-blocks-advanced-column-6b77b43c\" class=\"wp-block-themeisle-blocks-advanced-column\">\n<p id=\"wp-block-themeisle-blocks-advanced-heading-2f9de340\" class=\"wp-block-themeisle-blocks-advanced-heading wp-block-themeisle-blocks-advanced-heading-2f9de340\"><strong>  Un atelier de production<br>Une plateforme de chargement\/d\u00e9chargement<br>Un chariot \u00e9l\u00e9vateur<\/strong><\/p>\n<\/div>\n<\/div><\/div>\n\n\n\n<p><\/p>\n<\/div>\n<\/div><\/div>\n\n\n\n<div id=\"wp-block-themeisle-blocks-advanced-columns-cea17f00\" class=\"wp-block-themeisle-blocks-advanced-columns alignfull has-2-columns has-desktop-oneTwo-layout has-tablet-equal-layout has-mobile-collapsedRows-layout has-vertical-unset animated fadeIn has-light-bg\"><div class=\"wp-block-themeisle-blocks-advanced-columns-overlay\"><\/div><div class=\"innerblocks-wrap\">\n<div id=\"wp-block-themeisle-blocks-advanced-column-3c808981\" class=\"wp-block-themeisle-blocks-advanced-column\">\n<h2 class=\"wp-block-heading has-nv-dark-bg-color has-text-color\">Nous d\u00e9l\u00e9guer une partie de votre activit\u00e9<\/h2>\n\n\n\n<p class=\"has-nv-dark-bg-color has-text-color has-link-color has-medium-font-size wp-elements-63e917f19fd3ecad174270dd5796662d\">En nous d\u00e9l\u00e9guant une partie de votre activit\u00e9 en sous-traitance, vous gagnerez en :<\/p>\n\n\n\n<ul class=\"wp-block-list has-nv-dark-bg-color has-text-color has-link-color has-medium-font-size wp-elements-7a7d4ba60f76b3735d4c80013c924652\">\n<li>Flexibilit\u00e9 ;<\/li>\n\n\n\n<li>Comp\u00e9titivit\u00e9 ;<\/li>\n\n\n\n<li>R\u00e9activit\u00e9 ;<\/li>\n\n\n\n<li>D\u00e9veloppement de march\u00e9 ;<\/li>\n\n\n\n<li>R\u00e9duction des charges.<\/li>\n<\/ul>\n\n\n\n<p class=\"animated bounceInDown has-nv-dark-bg-color has-text-color\">Nous pouvons vous proposer des services de livraison pour plus de r\u00e9activit\u00e9. N\u2019h\u00e9sitez pas \u00e0 prendre contact avec nous<\/p>\n\n\n\n<p class=\"has-nv-dark-bg-color has-text-color has-link-color wp-elements-0027219bd69239774dadf1850a295a64\"><a href=\"https:\/\/boisdebout53.org\/wp-content\/uploads\/2024\/07\/Sous-traitance.pdf\" target=\"_blank\" rel=\"noreferrer noopener\"><strong>T\u00e9l\u00e9chargez la fiche >>><\/strong><\/a><\/p>\n<\/div>\n\n\n\n<div id=\"wp-block-themeisle-blocks-advanced-column-28ce587b\" class=\"wp-block-themeisle-blocks-advanced-column\"><\/div>\n<\/div><\/div>\n","protected":false},"excerpt":{"rendered":"","protected":false},"author":1,"featured_media":0,"parent":0,"menu_order":0,"comment_status":"closed","ping_status":"closed","template":"","meta":{"neve_meta_sidebar":"","neve_meta_container":"default","neve_meta_enable_content_width":"","neve_meta_content_width":0,"neve_meta_title_alignment":"","neve_meta_author_avatar":"","neve_post_elements_order":"","neve_meta_disable_header":"","neve_meta_disable_footer":"","neve_meta_disable_title":"","_themeisle_gutenberg_block_has_review":false,"footnotes":""},"class_list":["post-6071","page","type-page","status-publish","hentry"],"_links":{"self":[{"href":"https:\/\/boisdebout53.org\/index.php\/wp-json\/wp\/v2\/pages\/6071"}],"collection":[{"href":"https:\/\/boisdebout53.org\/index.php\/wp-json\/wp\/v2\/pages"}],"about":[{"href":"https:\/\/boisdebout53.org\/index.php\/wp-json\/wp\/v2\/types\/page"}],"author":[{"embeddable":true,"href":"https:\/\/boisdebout53.org\/index.php\/wp-json\/wp\/v2\/users\/1"}],"replies":[{"embeddable":true,"href":"https:\/\/boisdebout53.org\/index.php\/wp-json\/wp\/v2\/comments?post=6071"}],"version-history":[{"count":0,"href":"https:\/\/boisdebout53.org\/index.php\/wp-json\/wp\/v2\/pages\/6071\/revisions"}],"wp:attachment":[{"href":"https:\/\/boisdebout53.org\/index.php\/wp-json\/wp\/v2\/media?parent=6071"}],"curies":[{"name":"wp","href":"https:\/\/api.w.org\/{rel}","templated":true}]}}