{"id":6053,"date":"2024-07-18T13:47:23","date_gmt":"2024-07-18T11:47:23","guid":{"rendered":"https:\/\/boisdebout53.org\/?page_id=6053"},"modified":"2025-08-05T08:24:39","modified_gmt":"2025-08-05T06:24:39","slug":"fabrication-de-palettes","status":"publish","type":"page","link":"https:\/\/boisdebout53.org\/index.php\/fabrication-de-palettes\/","title":{"rendered":"Fabrication de palettes"},"content":{"rendered":"\n<div id=\"wp-block-themeisle-blocks-advanced-columns-726d7323\" class=\"wp-block-themeisle-blocks-advanced-columns alignfull has-2-columns has-desktop-oneTwo-layout has-tablet-equal-layout has-mobile-collapsedRows-layout has-vertical-unset animated fadeIn\"><div class=\"wp-block-themeisle-blocks-advanced-columns-overlay\"><\/div><div class=\"innerblocks-wrap\">\n<div id=\"wp-block-themeisle-blocks-advanced-column-4d1762b0\" class=\"wp-block-themeisle-blocks-advanced-column\"><\/div>\n\n\n\n<div id=\"wp-block-themeisle-blocks-advanced-column-d039e05e\" class=\"wp-block-themeisle-blocks-advanced-column\">\n<h2 class=\"wp-block-heading has-white-color has-text-color\">Un savoir faire issu de notre principale activit\u00e9<\/h2>\n\n\n\n<p class=\"has-nv-site-bg-color has-text-color has-link-color wp-elements-4133049e7da91f389d5ea125648e9c5d\">En partenariat avec des entreprises du territoire,  la fabrication de palettes en bois recycl\u00e9 est notre principale activit\u00e9. <br>La fabrication des palettes est r\u00e9alis\u00e9e avec du bois recycl\u00e9, d\u00e9class\u00e9.<\/p>\n\n\n\n<p class=\"has-nv-site-bg-color has-text-color has-link-color wp-elements-b27ad4d4f846d4a0c7d2005d339b05ee\"><\/p>\n\n\n\n<p class=\"animated bounceInDown has-nv-site-bg-color has-text-color has-medium-font-size\">Les standards de fabrication<\/p>\n\n\n\n<div id=\"wp-block-themeisle-blocks-advanced-columns-ad85d9b0\" class=\"wp-block-themeisle-blocks-advanced-columns has-1-columns has-desktop-equal-layout has-tablet-equal-layout has-mobile-equal-layout has-vertical-unset has-dark-bg\"><div class=\"wp-block-themeisle-blocks-advanced-columns-overlay\"><\/div><div class=\"innerblocks-wrap\">\n<div id=\"wp-block-themeisle-blocks-advanced-column-6b77b43c\" class=\"wp-block-themeisle-blocks-advanced-column\">\n<p id=\"wp-block-themeisle-blocks-advanced-heading-2f9de340\" class=\"wp-block-themeisle-blocks-advanced-heading wp-block-themeisle-blocks-advanced-heading-2f9de340\"><strong>  Nous r\u00e9alisons en majorit\u00e9 des palettes standards mais aussi sur mesures.<br><br>Diff\u00e9rents mod\u00e8les de palettes sont propos\u00e9s (l\u00e9g\u00e8res, demi lourdes, ceintur\u00e9es\u2026)<br><br>Selon la demande du client, les palettes sont fabriqu\u00e9es avec du bois neuf ou recycl\u00e9<\/strong><\/p>\n<\/div>\n<\/div><\/div>\n\n\n\n<p class=\"has-nv-text-dark-bg-color has-text-color has-link-color wp-elements-4a4896a4421ba0b39414e4546379bba3\">Les palettes fabriqu\u00e9es \u00e0 Bois Debout sont vendues aux entreprises du territoire.<\/p>\n\n\n\n<p><a href=\"https:\/\/boisdebout53.org\/wp-content\/uploads\/2025\/08\/Fabrication-de-palettes.pdf\" target=\"_blank\" rel=\"noreferrer noopener\"><strong>T\u00e9l\u00e9chargez la fiche >>><\/strong><\/a><\/p>\n<\/div>\n<\/div><\/div>\n","protected":false},"excerpt":{"rendered":"","protected":false},"author":1,"featured_media":0,"parent":0,"menu_order":0,"comment_status":"closed","ping_status":"closed","template":"","meta":{"neve_meta_sidebar":"","neve_meta_container":"default","neve_meta_enable_content_width":"","neve_meta_content_width":0,"neve_meta_title_alignment":"","neve_meta_author_avatar":"","neve_post_elements_order":"","neve_meta_disable_header":"","neve_meta_disable_footer":"","neve_meta_disable_title":"","_themeisle_gutenberg_block_has_review":false,"footnotes":""},"class_list":["post-6053","page","type-page","status-publish","hentry"],"_links":{"self":[{"href":"https:\/\/boisdebout53.org\/index.php\/wp-json\/wp\/v2\/pages\/6053"}],"collection":[{"href":"https:\/\/boisdebout53.org\/index.php\/wp-json\/wp\/v2\/pages"}],"about":[{"href":"https:\/\/boisdebout53.org\/index.php\/wp-json\/wp\/v2\/types\/page"}],"author":[{"embeddable":true,"href":"https:\/\/boisdebout53.org\/index.php\/wp-json\/wp\/v2\/users\/1"}],"replies":[{"embeddable":true,"href":"https:\/\/boisdebout53.org\/index.php\/wp-json\/wp\/v2\/comments?post=6053"}],"version-history":[{"count":0,"href":"https:\/\/boisdebout53.org\/index.php\/wp-json\/wp\/v2\/pages\/6053\/revisions"}],"wp:attachment":[{"href":"https:\/\/boisdebout53.org\/index.php\/wp-json\/wp\/v2\/media?parent=6053"}],"curies":[{"name":"wp","href":"https:\/\/api.w.org\/{rel}","templated":true}]}}